{"id":995,"date":"2018-01-06T18:32:56","date_gmt":"2018-01-06T17:32:56","guid":{"rendered":"https:\/\/www.verlag-steuerlux.de\/site\/?page_id=995"},"modified":"2020-09-30T16:44:59","modified_gmt":"2020-09-30T14:44:59","slug":"impressum","status":"publish","type":"page","link":"https:\/\/www.verlag-steuerlux.de\/site\/home\/impressum\/","title":{"rendered":"Impressum"},"content":{"rendered":"<p>[et_pb_section bb_built=&#8220;1&#8243; admin_label=&#8220;Wilkommen Block 1&#8243; custom_padding=&#8220;0px|0px|0px|&#8220; _builder_version=&#8220;3.0.64&#8243; next_background_color=&#8220;#000000&#8243;][et_pb_row custom_padding=&#8220;0px|0px|0px|&#8220; padding_top_1=&#8220;0px&#8220; padding_right_1=&#8220;0px&#8220; padding_bottom_1=&#8220;0px&#8220; padding_left_1=&#8220;0px&#8220; padding_top_2=&#8220;0px&#8220; padding_right_2=&#8220;0px&#8220; padding_bottom_2=&#8220;0px&#8220; background_position_1=&#8220;top_left&#8220; background_position_2=&#8220;top_left&#8220; background_repeat_1=&#8220;no-repeat&#8220; background_repeat_2=&#8220;no-repeat&#8220; _builder_version=&#8220;3.0.64&#8243; background_position=&#8220;top_left&#8220; background_repeat=&#8220;repeat&#8220; background_size=&#8220;initial&#8220;][et_pb_column type=&#8220;1_3&#8243;][et_pb_text admin_label=&#8220;Text Abstandshalter&#8220; _builder_version=&#8220;3.2&#8243; custom_margin=&#8220;0px|0px|0px|0px&#8220; custom_padding=&#8220;0px|0px|0px|0px&#8220; animation_style=&#8220;none&#8220; animation_duration=&#8220;1000ms&#8220; animation_intensity_slide=&#8220;50%&#8220; show_bottom_space=&#8220;on&#8220;]<\/p>\n<p><span style=\"color: #ffffff;\">:<\/span><br \/>\n<span style=\"color: #ffffff;\">:<\/span><\/p>\n<p>[\/et_pb_text][\/et_pb_column][et_pb_column type=&#8220;2_3&#8243;][et_pb_text admin_label=&#8220;Text Abstandshalter&#8220; _builder_version=&#8220;3.2&#8243; custom_margin=&#8220;0px|0px|0px|0px&#8220; custom_padding=&#8220;0px|0px|0px|0px&#8220; animation_style=&#8220;none&#8220; animation_duration=&#8220;1000ms&#8220; animation_intensity_slide=&#8220;50%&#8220; show_bottom_space=&#8220;on&#8220;]<\/p>\n<p><span style=\"color: #ffffff;\">:<\/span><br \/>\n<span style=\"color: #ffffff;\">:<\/span><\/p>\n<p>[\/et_pb_text][\/et_pb_column][\/et_pb_row][\/et_pb_section][et_pb_section bb_built=&#8220;1&#8243; admin_label=&#8220;Wilkommen Block 1&#8243; custom_padding=&#8220;0px|0px|0px|&#8220; _builder_version=&#8220;3.0.64&#8243; next_background_color=&#8220;#000000&#8243; prev_background_color=&#8220;#000000&#8243;][et_pb_row custom_padding=&#8220;0px|0px|0px|&#8220; padding_top_1=&#8220;0px&#8220; padding_right_1=&#8220;0px&#8220; padding_bottom_1=&#8220;0px&#8220; padding_left_1=&#8220;0px&#8220; padding_top_2=&#8220;0px&#8220; padding_right_2=&#8220;0px&#8220; padding_bottom_2=&#8220;0px&#8220; background_position_1=&#8220;top_left&#8220; background_position_2=&#8220;top_left&#8220; background_repeat_1=&#8220;no-repeat&#8220; background_repeat_2=&#8220;no-repeat&#8220; _builder_version=&#8220;3.0.64&#8243;][et_pb_column type=&#8220;2_3&#8243;][et_pb_text admin_label=&#8220;Text \u00dcberschrift Impressum&#8220; _builder_version=&#8220;3.4.1&#8243;]<\/p>\n<div class=\"csc-header csc-header-n1\">\n<h3 class=\"csc-firstHeader\">Impressum<\/h3>\n<\/div>\n<p>[\/et_pb_text][et_pb_text admin_label=&#8220;Text Impressum&#8220; _builder_version=&#8220;3.11.1&#8243;]<\/p>\n<p class=\"align-left\">Verlag Steuerlux Unternehmergesellschaft (haftungsbeschr\u00e4nkt)<\/p>\n<p>Sitz der Gesellschaft:<br \/>\nKeuneweg 46<br \/>\n54295 Trier<\/p>\n<p>Gesch\u00e4ftsf\u00fchrer<br \/>\nStephan Wonnebauer<\/p>\n<p class=\"align-left\">Telefon: 0049 (0)651 &#8211; 12323<br \/>\nTelefax: 0049 (0)651 &#8211; 99 10 234<br \/>\nE-mail:\u00a0<a href=\"mailto:office@verlag-steuerlux.eu\">office@verlag-steuerlux.eu<\/a><\/p>\n<p>Eingetragen im Handelsregister beim Amtsgericht Wittlich<br \/>\nHRB-Nr. 41056<\/p>\n<p>Steuernummer: 42 \/ 661 \/ 0561 \/ 3<\/p>\n<p><b><a class=\"external-link-new-window\" title=\"Opens external link in new window\" href=\"http:\/\/www.disclaimer.de\/disclaimer.htm\">Haftungsausschluss<\/a><br \/>\n<\/b><\/p>\n<div class=\"indent\">\n<p><b><br \/>\nWebsite:<\/b><\/p>\n<p>Technik und Grafik\u00a0<b>Soundlabmedia<\/b><\/p>\n<\/div>\n<p>[\/et_pb_text][\/et_pb_column][et_pb_column type=&#8220;1_3&#8243;][\/et_pb_column][\/et_pb_row][\/et_pb_section][et_pb_section bb_built=&#8220;1&#8243; custom_padding=&#8220;0px|0px|0px|0px&#8220; _builder_version=&#8220;3.0.64&#8243; prev_background_color=&#8220;#000000&#8243;][et_pb_row custom_padding=&#8220;0px|0px|0px|0px&#8220; _builder_version=&#8220;3.0.64&#8243; background_size=&#8220;initial&#8220; background_position=&#8220;top_left&#8220; background_repeat=&#8220;repeat&#8220;][et_pb_column type=&#8220;4_4&#8243;][et_pb_text admin_label=&#8220;Text Abstandshalter mit Leerzeilen&#8220; _builder_version=&#8220;3.0.64&#8243; custom_margin=&#8220;0px|0px|0px|0px&#8220; custom_padding=&#8220;0px|0px|10px|0px&#8220; background_layout=&#8220;light&#8220; text_orientation=&#8220;left&#8220; border_style=&#8220;solid&#8220;]<\/p>\n<p><span style=\"color: #ffffff;\">:<\/span><br \/>\n<span style=\"color: #ffffff;\">:<\/span><\/p>\n<p>[\/et_pb_text][et_pb_text admin_label=&#8220;Text + Link Impressum Verlag Steuerlux&#8220; _builder_version=&#8220;3.11.1&#8243; custom_padding=&#8220;||5px|&#8220;]<\/p>\n<p style=\"text-align: center;\"><span class=\"st\">\u00a9Verlag Steuerlux Unternehmergesellschaft (haftungsbeschr\u00e4nkt) &#8211; <a href=\"https:\/\/www.verlag-steuerlux.de\/site\/home\/impressum\/\">Impressum<\/a><br \/>\n<\/span><\/p>\n<p>[\/et_pb_text][\/et_pb_column][\/et_pb_row][\/et_pb_section]<\/p>\n","protected":false},"excerpt":{"rendered":"<p>: : : : Impressum Verlag Steuerlux Unternehmergesellschaft (haftungsbeschr\u00e4nkt) Sitz der Gesellschaft: Keuneweg 46 54295 Trier Gesch\u00e4ftsf\u00fchrer Stephan Wonnebauer Telefon: 0049 (0)651 &#8211; 12323 Telefax: 0049 (0)651 &#8211; 99 10 234 E-mail:\u00a0office@verlag-steuerlux.eu Eingetragen im Handelsregister beim Amtsgericht Wittlich HRB-Nr. 41056 Steuernummer: 42 \/ 661 \/ 0561 \/ 3 Haftungsausschluss Website: Technik und Grafik\u00a0Soundlabmedia : : [&hellip;]<\/p>\n","protected":false},"author":1,"featured_media":0,"parent":2,"menu_order":20,"comment_status":"closed","ping_status":"closed","template":"","meta":{"_et_pb_use_builder":"on","_et_pb_old_content":"<p>E-Mail: <a href=\"mailto:info@CUT-IN-VIDEO.de\">info@CUT-IN-VIDEO.de<\/a><br \/> Internet: <a href=\"http:\/\/www.cut-in-video.de\/\" target=\"_top\">www.CUT-IN-VIDEO.de<\/a><\/p><p>Diese Homepage wurde von <a class=\"external-link-new-window\" title=\"\u00d6ffnet externen Link in neuem Fenster\" href=\"http:\/\/www.soundlabmedia.de\/\" target=\"_blank\" rel=\"noopener\">SoundlabMedia<\/a> erstellt.<br \/> Das Java-Script implementierte <a class=\"external-link-new-window\" title=\"\u00d6ffnet externen Link in neuem Fenster\" href=\"http:\/\/www.moodesign.de\/\" target=\"_blank\" rel=\"noopener\">moodesign<\/a>.<\/p><p>Gewartet wir die Homepage von CUT IN TV- & Videoproduktionen.<\/p><p>Alle hierin befindlichen Bilder und Grafiken stammen aus Produktionen, an denen wir wesentlich beteiligt waren.<\/p><p>\u00a9 an Bildern und Grafiken, CUT IN Videoproduktionen.<\/p><p><a href=\"http:\/\/www.CUT-IN-VIDEO.de\" target=\"_blank\" rel=\"noopener\">http:\/\/www.CUT-IN-VIDEO.de<\/a>Umsatzsteuer-Identifikationsnummer \u00a7 27A Umsatzsteuergesetz: UST.ID DE 812 216 091<\/p><p><b>Haftungshinweis:<\/b><br \/> Trotz sorgf\u00e4ltiger inhaltlicher Kontrolle \u00dcbernehmen wir keine Haftung f\u00fcr die Inhalte externer Links.<br \/> F\u00fcr den Inhalt der verlinkten Seiten sind ausschlie\u00dflich deren Betreiber verantwortlich.<\/p>","_et_gb_content_width":"","footnotes":""},"class_list":["post-995","page","type-page","status-publish","hentry"],"_links":{"self":[{"href":"https:\/\/www.verlag-steuerlux.de\/site\/wp-json\/wp\/v2\/pages\/995","targetHints":{"allow":["GET"]}}],"collection":[{"href":"https:\/\/www.verlag-steuerlux.de\/site\/wp-json\/wp\/v2\/pages"}],"about":[{"href":"https:\/\/www.verlag-steuerlux.de\/site\/wp-json\/wp\/v2\/types\/page"}],"author":[{"embeddable":true,"href":"https:\/\/www.verlag-steuerlux.de\/site\/wp-json\/wp\/v2\/users\/1"}],"replies":[{"embeddable":true,"href":"https:\/\/www.verlag-steuerlux.de\/site\/wp-json\/wp\/v2\/comments?post=995"}],"version-history":[{"count":23,"href":"https:\/\/www.verlag-steuerlux.de\/site\/wp-json\/wp\/v2\/pages\/995\/revisions"}],"predecessor-version":[{"id":3078,"href":"https:\/\/www.verlag-steuerlux.de\/site\/wp-json\/wp\/v2\/pages\/995\/revisions\/3078"}],"up":[{"embeddable":true,"href":"https:\/\/www.verlag-steuerlux.de\/site\/wp-json\/wp\/v2\/pages\/2"}],"wp:attachment":[{"href":"https:\/\/www.verlag-steuerlux.de\/site\/wp-json\/wp\/v2\/media?parent=995"}],"curies":[{"name":"wp","href":"https:\/\/api.w.org\/{rel}","templated":true}]}}