{"id":917,"date":"2018-01-06T16:47:31","date_gmt":"2018-01-06T15:47:31","guid":{"rendered":"https:\/\/www.verlag-steuerlux.de\/site\/?page_id=917"},"modified":"2025-09-09T20:36:44","modified_gmt":"2025-09-09T18:36:44","slug":"verlagintro","status":"publish","type":"page","link":"https:\/\/www.verlag-steuerlux.de\/site\/verlagintro\/","title":{"rendered":"VERLAG"},"content":{"rendered":"<p>[et_pb_section fb_built=&#8220;1&#8243; admin_label=&#8220;Wilkommen Block 1&#8243; _builder_version=&#8220;4.16&#8243; custom_padding=&#8220;0px|0px|0px|&#8220; global_colors_info=&#8220;{}&#8220;][et_pb_row column_structure=&#8220;1_3,2_3&#8243; _builder_version=&#8220;4.16&#8243; background_size=&#8220;initial&#8220; background_position=&#8220;top_left&#8220; background_repeat=&#8220;repeat&#8220; custom_padding=&#8220;0px|0px|0px|&#8220; global_colors_info=&#8220;{}&#8220;][et_pb_column type=&#8220;1_3&#8243; _builder_version=&#8220;4.16&#8243; background_position=&#8220;top_left&#8220; custom_padding=&#8220;0px|0px|0px|0px&#8220; global_colors_info=&#8220;{}&#8220; custom_padding__hover=&#8220;|||&#8220;][et_pb_text admin_label=&#8220;Text Abstandshalter&#8220; _builder_version=&#8220;4.16&#8243; custom_margin=&#8220;0px|0px|0px|0px&#8220; custom_padding=&#8220;0px|0px|0px|0px&#8220; global_colors_info=&#8220;{}&#8220;]<span style=\"color: #ffffff;\">:<\/span><br \/>\n<span style=\"color: #ffffff;\">:<\/span><br \/>\n[\/et_pb_text][\/et_pb_column][et_pb_column type=&#8220;2_3&#8243; _builder_version=&#8220;4.16&#8243; background_position=&#8220;top_left&#8220; custom_padding=&#8220;0px|0px|0px|&#8220; global_colors_info=&#8220;{}&#8220; custom_padding__hover=&#8220;|||&#8220;][et_pb_text admin_label=&#8220;Text Abstandshalter&#8220; _builder_version=&#8220;4.16&#8243; custom_margin=&#8220;0px|0px|0px|0px&#8220; custom_padding=&#8220;0px|0px|0px|0px&#8220; global_colors_info=&#8220;{}&#8220;]<span style=\"color: #ffffff;\">:<\/span><br \/>\n<span style=\"color: #ffffff;\">:<\/span><br \/>\n[\/et_pb_text][\/et_pb_column][\/et_pb_row][et_pb_row column_structure=&#8220;2_3,1_3&#8243; _builder_version=&#8220;4.16&#8243; custom_padding=&#8220;0px|0px|0px|&#8220; global_colors_info=&#8220;{}&#8220;][et_pb_column type=&#8220;2_3&#8243; _builder_version=&#8220;4.16&#8243; background_position=&#8220;top_left&#8220; custom_padding=&#8220;0px|0px|0px|0px&#8220; global_colors_info=&#8220;{}&#8220; custom_padding__hover=&#8220;|||&#8220;][et_pb_text admin_label=&#8220;Text \u00dcberschrift &#8220; _builder_version=&#8220;4.16&#8243; global_colors_info=&#8220;{}&#8220;][\/et_pb_text][et_pb_text admin_label=&#8220;Text Intro Verlag Steuerlux&#8220; _builder_version=&#8220;4.16&#8243; global_colors_info=&#8220;{}&#8220;]<\/p>\n<p class=\"bodytext\">Der\u00a0<b>Verlag Steuerlux<\/b>\u00a0wurde im Februar 2009 von Stephan Wonnebauer gegr\u00fcndet.<\/p>\n<p>Im Focus seiner Ver\u00f6ffentlichungen stehen die Grenzg\u00e4nger Europas, insbesondere Deutschland-Luxemburg.<\/p>\n<p>Leser der B\u00fccher sind die Grenzg\u00e4nger selbst, als auch deren Berater, also Steuerberater, Rechtsanw\u00e4lte, Verb\u00e4nde und Gewerkschaften.<\/p>\n<p>Das Problem der Grenzg\u00e4nger ist es, Informationen f\u00fcr ihre Problemstellungen zu finden. Im Internet erscheinen alle Informationen jedoch zu unverbindlich und oberfl\u00e4chlich, um damit existenzielle Probleme l\u00f6sen k\u00f6nnen. Mitarbeiter von Beh\u00f6rden\u00a0k\u00f6nnen keine themen\u00fcbergreifenden Informationen erteilen, weil sie dazu nicht ausgebildet sind.<\/p>\n<p>Da die Themen derart speziell sind und die Zielgruppe, also die Gruppe potentieller K\u00e4ufer von B\u00fcchern, relativ klein ist, bieten die bekannten gro\u00dfen Verlage f\u00fcr Recht und Steuern diese B\u00fccher nicht an.<\/p>\n<p>Es ist auch nicht m\u00f6glich, ein Buch f\u00fcr alle Grenzen Deutschlands und somit alle Grenzg\u00e4nger zu schreiben. Denn sowohl das\u00a0<b>Steuerrecht,<\/b>\u00a0als auch das\u00a0<b>Arbeitsrecht<\/b>\u00a0sind an allen Grenzen verschieden.<\/p>\n<p>Allein das\u00a0<b>Sozialversicherungsrecht<\/b>\u00a0ist vereinheitlicht durch eine EU-Richtlinie. Allerdings herrschen trotzdem auch hier unterschiedliche Anwendungspraktiken an den Grenzen.<\/p>\n<p><b>Es gibt also noch viel zu tun in Europa. Wir packen es an!<\/b><br \/>\n[\/et_pb_text][\/et_pb_column][et_pb_column type=&#8220;1_3&#8243; _builder_version=&#8220;4.16&#8243; background_position=&#8220;top_left&#8220; custom_padding=&#8220;0px|0px|0px|&#8220; global_colors_info=&#8220;{}&#8220; custom_padding__hover=&#8220;|||&#8220;][\/et_pb_column][\/et_pb_row][et_pb_row column_structure=&#8220;1_3,2_3&#8243; _builder_version=&#8220;4.16&#8243; background_size=&#8220;initial&#8220; background_position=&#8220;top_left&#8220; background_repeat=&#8220;repeat&#8220; custom_padding=&#8220;0px|0px|0px|&#8220; global_colors_info=&#8220;{}&#8220;][et_pb_column type=&#8220;1_3&#8243; _builder_version=&#8220;4.16&#8243; background_position=&#8220;top_left&#8220; custom_padding=&#8220;0px|0px|0px|0px&#8220; global_colors_info=&#8220;{}&#8220; custom_padding__hover=&#8220;|||&#8220;][et_pb_text admin_label=&#8220;Text Abstandshalter&#8220; _builder_version=&#8220;4.16&#8243; custom_margin=&#8220;0px|0px|0px|0px&#8220; custom_padding=&#8220;0px|0px|0px|0px&#8220; global_colors_info=&#8220;{}&#8220;]<span style=\"color: #ffffff;\">:<\/span><br \/>\n<span style=\"color: #ffffff;\">:<\/span><br \/>\n[\/et_pb_text][\/et_pb_column][et_pb_column type=&#8220;2_3&#8243; _builder_version=&#8220;4.16&#8243; background_position=&#8220;top_left&#8220; custom_padding=&#8220;0px|0px|0px|&#8220; global_colors_info=&#8220;{}&#8220; custom_padding__hover=&#8220;|||&#8220;][et_pb_text admin_label=&#8220;Text Abstandshalter&#8220; _builder_version=&#8220;4.16&#8243; custom_margin=&#8220;0px|0px|0px|0px&#8220; custom_padding=&#8220;0px|0px|0px|0px&#8220; global_colors_info=&#8220;{}&#8220;]<span style=\"color: #ffffff;\">:<\/span><br \/>\n<span style=\"color: #ffffff;\">:<\/span><br \/>\n[\/et_pb_text][\/et_pb_column][\/et_pb_row][et_pb_row column_structure=&#8220;2_3,1_3&#8243; _builder_version=&#8220;4.16&#8243; custom_padding=&#8220;0px|0px|0px|&#8220; global_colors_info=&#8220;{}&#8220;][et_pb_column type=&#8220;2_3&#8243; _builder_version=&#8220;4.16&#8243; background_position=&#8220;top_left&#8220; custom_padding=&#8220;0px|0px|0px|0px&#8220; global_colors_info=&#8220;{}&#8220; custom_padding__hover=&#8220;|||&#8220;][et_pb_text admin_label=&#8220;Text \u00dcberschrift Verlag Steuerlux sponsort Trikots f\u00fcr die 2. Mannschaft von Hetzerath&#8220; _builder_version=&#8220;4.16&#8243; global_colors_info=&#8220;{}&#8220;]<\/p>\n<h3>Verlag Steuerlux sponsort Trikots f\u00fcr die 2. Mannschaft von Hetzerath<\/h3>\n<p>[\/et_pb_text][et_pb_text admin_label=&#8220;Text Verlag Steuerlux sponsort Trikots f\u00fcr die 2. Mannschaft von Hetzerath&#8220; _builder_version=&#8220;4.16&#8243; global_colors_info=&#8220;{}&#8220;]<\/p>\n<p class=\"bodytext\">Der Verlag Steuerlux unterst\u00fctzt Kultur und Sport.<br \/>\nDieses Jahr wurden Trikots f\u00fcr die 2. Mannschaft des Sportvereins Hetzerath gesponsort.<br \/>\nDas Foto wurde am 18. September 2016 aufgenommen.<\/p>\n<p>[\/et_pb_text][et_pb_text admin_label=&#8220;Text Der Verlag sponsort ein Transportfahrzeug des Trierer Stadttheaters&#8220; _builder_version=&#8220;4.27.4&#8243; global_colors_info=&#8220;{}&#8220;]<\/p>\n<p class=\"bodytext\">Der Verlag sponsort ausserdem ein Transportfahrzeug des Trierer Stadttheaters<\/p>\n<p>[\/et_pb_text][\/et_pb_column][et_pb_column type=&#8220;1_3&#8243; _builder_version=&#8220;4.16&#8243; background_position=&#8220;top_left&#8220; custom_padding=&#8220;0px|0px|0px|&#8220; global_colors_info=&#8220;{}&#8220; custom_padding__hover=&#8220;|||&#8220;][et_pb_image src=&#8220;https:\/\/www.verlag-steuerlux.de\/site\/wp-content\/uploads\/2018\/11\/Wonnebauer_mannschaft_hetzerath-WA0003.jpg&#8220; align_tablet=&#8220;center&#8220; align_phone=&#8220;center&#8220; align_last_edited=&#8220;on|desktop&#8220; admin_label=&#8220;Bild Wonnebauer_mannschaft_hetzerath-WA0003&#8243; _builder_version=&#8220;4.16&#8243; global_colors_info=&#8220;{}&#8220;][\/et_pb_image][\/et_pb_column][\/et_pb_row][\/et_pb_section][et_pb_section fb_built=&#8220;1&#8243; _builder_version=&#8220;4.16&#8243; custom_padding=&#8220;0px|0px|0px|0px&#8220; global_colors_info=&#8220;{}&#8220;][et_pb_row _builder_version=&#8220;4.16&#8243; background_size=&#8220;initial&#8220; background_position=&#8220;top_left&#8220; background_repeat=&#8220;repeat&#8220; custom_padding=&#8220;0px|0px|0px|0px&#8220; global_colors_info=&#8220;{}&#8220;][et_pb_column type=&#8220;4_4&#8243; _builder_version=&#8220;4.16&#8243; custom_padding=&#8220;|||&#8220; global_colors_info=&#8220;{}&#8220; custom_padding__hover=&#8220;|||&#8220;][et_pb_text admin_label=&#8220;Text Abstandshalter mit Leerzeilen&#8220; _builder_version=&#8220;4.16&#8243; custom_margin=&#8220;0px|0px|0px|0px&#8220; custom_padding=&#8220;0px|0px|10px|0px&#8220; border_style=&#8220;solid&#8220; global_colors_info=&#8220;{}&#8220;]<span style=\"color: #ffffff;\">:<\/span><br \/>\n<span style=\"color: #ffffff;\">:<\/span><br \/>\n[\/et_pb_text][et_pb_text admin_label=&#8220;Text + Link Impressum Verlag Steuerlux&#8220; _builder_version=&#8220;4.16&#8243; custom_padding=&#8220;||5px|&#8220; global_colors_info=&#8220;{}&#8220;]<\/p>\n<p style=\"text-align: center;\"><span class=\"st\">\u00a9Verlag Steuerlux Unternehmergesellschaft (haftungsbeschr\u00e4nkt) &#8211; <a href=\"https:\/\/www.verlag-steuerlux.de\/site\/home\/impressum\/\">Impressum<\/a><br \/>\n<\/span><\/p>\n<p>[\/et_pb_text][\/et_pb_column][\/et_pb_row][\/et_pb_section]<\/p>\n","protected":false},"excerpt":{"rendered":"<p>: : : : Der\u00a0Verlag Steuerlux\u00a0wurde im Februar 2009 von Stephan Wonnebauer gegr\u00fcndet. Im Focus seiner Ver\u00f6ffentlichungen stehen die Grenzg\u00e4nger Europas, insbesondere Deutschland-Luxemburg. Leser der B\u00fccher sind die Grenzg\u00e4nger selbst, als auch deren Berater, also Steuerberater, Rechtsanw\u00e4lte, Verb\u00e4nde und Gewerkschaften. Das Problem der Grenzg\u00e4nger ist es, Informationen f\u00fcr ihre Problemstellungen zu finden. Im Internet erscheinen [&hellip;]<\/p>\n","protected":false},"author":1,"featured_media":0,"parent":0,"menu_order":15,"comment_status":"closed","ping_status":"closed","template":"","meta":{"_et_pb_use_builder":"on","_et_pb_old_content":"","_et_gb_content_width":"","footnotes":""},"class_list":["post-917","page","type-page","status-publish","hentry"],"_links":{"self":[{"href":"https:\/\/www.verlag-steuerlux.de\/site\/wp-json\/wp\/v2\/pages\/917","targetHints":{"allow":["GET"]}}],"collection":[{"href":"https:\/\/www.verlag-steuerlux.de\/site\/wp-json\/wp\/v2\/pages"}],"about":[{"href":"https:\/\/www.verlag-steuerlux.de\/site\/wp-json\/wp\/v2\/types\/page"}],"author":[{"embeddable":true,"href":"https:\/\/www.verlag-steuerlux.de\/site\/wp-json\/wp\/v2\/users\/1"}],"replies":[{"embeddable":true,"href":"https:\/\/www.verlag-steuerlux.de\/site\/wp-json\/wp\/v2\/comments?post=917"}],"version-history":[{"count":39,"href":"https:\/\/www.verlag-steuerlux.de\/site\/wp-json\/wp\/v2\/pages\/917\/revisions"}],"predecessor-version":[{"id":3197,"href":"https:\/\/www.verlag-steuerlux.de\/site\/wp-json\/wp\/v2\/pages\/917\/revisions\/3197"}],"wp:attachment":[{"href":"https:\/\/www.verlag-steuerlux.de\/site\/wp-json\/wp\/v2\/media?parent=917"}],"curies":[{"name":"wp","href":"https:\/\/api.w.org\/{rel}","templated":true}]}}