{"id":3082,"date":"2025-09-09T18:21:22","date_gmt":"2025-09-09T16:21:22","guid":{"rendered":"https:\/\/www.verlag-steuerlux.de\/site\/?page_id=3082"},"modified":"2025-10-29T18:23:48","modified_gmt":"2025-10-29T17:23:48","slug":"steuerlux-rente","status":"publish","type":"page","link":"https:\/\/www.verlag-steuerlux.de\/site\/steuerlux-rente\/","title":{"rendered":"Steuerlux &#8211; Das Renten Buch"},"content":{"rendered":"<p>[et_pb_section fb_built=&#8220;1&#8243; admin_label=&#8220;Wilkommen Block 1&#8243; _builder_version=&#8220;4.16&#8243; custom_padding=&#8220;0px|0px|0px|&#8220; global_colors_info=&#8220;{}&#8220;][et_pb_row _builder_version=&#8220;4.16&#8243; background_size=&#8220;initial&#8220; background_position=&#8220;top_left&#8220; background_repeat=&#8220;repeat&#8220; custom_padding=&#8220;0px|0px|0px|0px&#8220; global_colors_info=&#8220;{}&#8220;][et_pb_column type=&#8220;4_4&#8243; _builder_version=&#8220;4.16&#8243; custom_padding=&#8220;|||&#8220; global_colors_info=&#8220;{}&#8220; custom_padding__hover=&#8220;|||&#8220;][\/et_pb_column][\/et_pb_row][et_pb_row column_structure=&#8220;1_3,2_3&#8243; _builder_version=&#8220;4.16&#8243; background_size=&#8220;initial&#8220; background_position=&#8220;top_left&#8220; background_repeat=&#8220;repeat&#8220; custom_padding=&#8220;0px|0px|0px|&#8220; global_colors_info=&#8220;{}&#8220;][et_pb_column type=&#8220;1_3&#8243; _builder_version=&#8220;4.16&#8243; background_position=&#8220;top_left&#8220; custom_padding=&#8220;0px|0px|0px|0px&#8220; global_colors_info=&#8220;{}&#8220; custom_padding__hover=&#8220;|||&#8220;][et_pb_text admin_label=&#8220;Text Abstandshalter&#8220; _builder_version=&#8220;4.16&#8243; custom_margin=&#8220;0px|0px|0px|0px&#8220; custom_padding=&#8220;0px|0px|0px|0px&#8220; global_colors_info=&#8220;{}&#8220;]<span style=\"color: #ffffff;\">:<\/span><br \/>\n<span style=\"color: #ffffff;\">:<\/span><br \/>\n[\/et_pb_text][\/et_pb_column][et_pb_column type=&#8220;2_3&#8243; _builder_version=&#8220;4.16&#8243; background_position=&#8220;top_left&#8220; custom_padding=&#8220;0px|0px|0px|&#8220; global_colors_info=&#8220;{}&#8220; custom_padding__hover=&#8220;|||&#8220;][et_pb_text admin_label=&#8220;Text Abstandshalter&#8220; _builder_version=&#8220;4.16&#8243; custom_margin=&#8220;0px|0px|0px|0px&#8220; custom_padding=&#8220;0px|0px|0px|0px&#8220; global_colors_info=&#8220;{}&#8220;]<span style=\"color: #ffffff;\">:<\/span><br \/>\n<span style=\"color: #ffffff;\">:<\/span><br \/>\n[\/et_pb_text][\/et_pb_column][\/et_pb_row][et_pb_row column_structure=&#8220;1_2,1_2&#8243; _builder_version=&#8220;4.27.4&#8243; _module_preset=&#8220;default&#8220; global_colors_info=&#8220;{}&#8220;][et_pb_column type=&#8220;1_2&#8243; _builder_version=&#8220;4.27.4&#8243; _module_preset=&#8220;default&#8220; global_colors_info=&#8220;{}&#8220;][et_pb_text admin_label=&#8220;Text \u00dcberschrift Steuerlux 2. Auflage erh\u00e4ltlich seit April 2018&#8243; _builder_version=&#8220;4.27.4&#8243; global_colors_info=&#8220;{}&#8220;]<\/p>\n<h3>SteuerLUX &#8211; Ratgeber f\u00fcr Grenzg\u00e4nger<\/h3>\n<h3><span style=\"color: #ba0d44;\"><strong>Das Renten Buch<\/strong><\/span><\/h3>\n<p>[\/et_pb_text][et_pb_text _builder_version=&#8220;4.27.4&#8243; _module_preset=&#8220;default&#8220; hover_enabled=&#8220;0&#8243; global_colors_info=&#8220;{}&#8220; sticky_enabled=&#8220;0&#8243;]<\/p>\n<p><strong>Im <span style=\"color: #800000;\">November 2025<\/span> erscheint das neue Buch<\/strong><br \/><span style=\"color: #c20651;\"><strong>&#8222;Die Renten der Grenzg\u00e4nger Deutschland-Luxemburg&#8220;<\/strong><\/span><\/p>\n<p>&nbsp;<\/p>\n<p>F\u00fcr viele Grenzg\u00e4nger steht der Ruhestand unmittelbar bevor.<br \/>Das neue Buch bietet eine klare und fundierte Einf\u00fchrung in die Grunds\u00e4tze<br \/>des Rentenrechts, speziell aus der Sicht deutscher Grenzg\u00e4nger.<\/p>\n<p>Ein besonderer Schwerpunkt liegt auf der vorgezogenen Altersrente,<br \/>die aufgrund ihrer Attraktivit\u00e4t bei Grenzg\u00e4ngern auf gro\u00dfes Interesse st\u00f6\u00dft.<\/p>\n<p>Das Werk ist einzigartig, da es die Verflechtungen zwischen Rentenanspr\u00fcchen,<br \/>Besteuerung und Sozialversicherung umfassend und praxisnah erl\u00e4utert.<br \/>Ein wichtiger Aspekt ist die Frage nach der zust\u00e4ndigen<br \/>Krankenversicherung, die gerade f\u00fcr Grenzg\u00e4nger entscheidend ist.<br \/>Dar\u00fcber hinaus thematisiert das Buch, warum es f\u00fcr manche sinnvoll sein<br \/>k\u00f6nnte, auf die deutsche Rente zu verzichten, und wie man pr\u00fcfen kann,<br \/>ob diese Entscheidung auf die eigene Situation zutrifft.<\/p>\n<p>Abgerundet wird das Buch durch eine detaillierte Darstellung der<br \/>steuerlichen Behandlung von Renten in Deutschland und Luxemburg,<br \/>wodurch es ein unverzichtbarer Ratgeber f\u00fcr Grenzg\u00e4nger wird,<br \/>die ihren Ruhestand optimal planen m\u00f6chten.\u201c<\/p>\n<p>Dieses umfassende Nachschlagewerk mit ca 260 Seiten<br \/>sollte in keinem B\u00fccherregal von Grenzg\u00e4ngern fehlen<br \/>und ist zum Preis von 49,90 Euro zuz\u00fcglich 3,00 \u20ac Versandkosten<br \/>im Direktvertrieb beim Verlag Steuerlux und im Buchhandel erh\u00e4ltlich.<\/p>\n<p>Die ISBN-Nummer lautet:\u00a0\u00a0ISBN 978-3-00-083213-0<\/p>\n<p>[\/et_pb_text][\/et_pb_column][et_pb_column type=&#8220;1_2&#8243; _builder_version=&#8220;4.27.4&#8243; _module_preset=&#8220;default&#8220; global_colors_info=&#8220;{}&#8220;][et_pb_image src=&#8220;https:\/\/www.verlag-steuerlux.de\/site\/wp-content\/uploads\/2025\/10\/buchcover_steuerlux_2025_webfake_final.jpg&#8220; title_text=&#8220;buchcover_steuerlux_2025_webfake_final&#8220; show_in_lightbox=&#8220;on&#8220; force_fullwidth=&#8220;on&#8220; align_tablet=&#8220;center&#8220; align_phone=&#8220;center&#8220; align_last_edited=&#8220;on|desktop&#8220; admin_label=&#8220;Bild Wonnebauer_Buchcover Rentenbuch&#8220; _builder_version=&#8220;4.27.4&#8243; global_colors_info=&#8220;{}&#8220;][\/et_pb_image][\/et_pb_column][\/et_pb_row][et_pb_row column_structure=&#8220;1_3,2_3&#8243; _builder_version=&#8220;4.16&#8243; background_size=&#8220;initial&#8220; background_position=&#8220;top_left&#8220; background_repeat=&#8220;repeat&#8220; custom_padding=&#8220;0px|0px|0px|&#8220; global_colors_info=&#8220;{}&#8220;][et_pb_column type=&#8220;1_3&#8243; _builder_version=&#8220;4.16&#8243; background_position=&#8220;top_left&#8220; custom_padding=&#8220;0px|0px|0px|0px&#8220; global_colors_info=&#8220;{}&#8220; custom_padding__hover=&#8220;|||&#8220;][et_pb_text admin_label=&#8220;Text Abstandshalter&#8220; _builder_version=&#8220;4.16&#8243; custom_margin=&#8220;0px|0px|0px|0px&#8220; custom_padding=&#8220;0px|0px|0px|0px&#8220; global_colors_info=&#8220;{}&#8220;]<span style=\"color: #ffffff;\">:<\/span><br \/>\n<span style=\"color: #ffffff;\">:<\/span><br \/>\n[\/et_pb_text][\/et_pb_column][et_pb_column type=&#8220;2_3&#8243; _builder_version=&#8220;4.16&#8243; background_position=&#8220;top_left&#8220; custom_padding=&#8220;0px|0px|0px|&#8220; global_colors_info=&#8220;{}&#8220; custom_padding__hover=&#8220;|||&#8220;][et_pb_text admin_label=&#8220;Text Abstandshalter&#8220; _builder_version=&#8220;4.16&#8243; custom_margin=&#8220;0px|0px|0px|0px&#8220; custom_padding=&#8220;0px|0px|0px|0px&#8220; global_colors_info=&#8220;{}&#8220;]<span style=\"color: #ffffff;\">:<\/span><br \/>\n<span style=\"color: #ffffff;\">:<\/span><br \/>\n[\/et_pb_text][\/et_pb_column][\/et_pb_row][et_pb_row column_structure=&#8220;2_3,1_3&#8243; _builder_version=&#8220;4.16&#8243; custom_padding=&#8220;0px|0px|0px|&#8220; global_colors_info=&#8220;{}&#8220;][et_pb_column type=&#8220;2_3&#8243; _builder_version=&#8220;4.16&#8243; background_position=&#8220;top_left&#8220; custom_padding=&#8220;0px|0px|0px|0px&#8220; global_colors_info=&#8220;{}&#8220; custom_padding__hover=&#8220;|||&#8220;][et_pb_text admin_label=&#8220;Text ZUM BESTELLFORMULAR&#8220; _builder_version=&#8220;4.16&#8243; global_colors_info=&#8220;{}&#8220;]<\/p>\n<p class=\"bodytext\"><a title=\"\u00d6ffnet internen Link im aktuellen Fenster\" href=\"https:\/\/www.verlag-steuerlux.de\/site\/bestellformular\/\"><b>ZUM BESTELLFORMULAR<\/b><\/a><\/p>\n<p>[\/et_pb_text][\/et_pb_column][et_pb_column type=&#8220;1_3&#8243; _builder_version=&#8220;4.16&#8243; background_position=&#8220;top_left&#8220; custom_padding=&#8220;0px|0px|0px|&#8220; global_colors_info=&#8220;{}&#8220; custom_padding__hover=&#8220;|||&#8220;][\/et_pb_column][\/et_pb_row][et_pb_row column_structure=&#8220;1_3,2_3&#8243; _builder_version=&#8220;4.16&#8243; background_size=&#8220;initial&#8220; background_position=&#8220;top_left&#8220; background_repeat=&#8220;repeat&#8220; custom_padding=&#8220;0px|0px|0px|&#8220; global_colors_info=&#8220;{}&#8220;][et_pb_column type=&#8220;1_3&#8243; _builder_version=&#8220;4.16&#8243; background_position=&#8220;top_left&#8220; custom_padding=&#8220;0px|0px|0px|0px&#8220; global_colors_info=&#8220;{}&#8220; custom_padding__hover=&#8220;|||&#8220;][et_pb_text admin_label=&#8220;Text Abstandshalter&#8220; _builder_version=&#8220;4.16&#8243; custom_margin=&#8220;0px|0px|0px|0px&#8220; custom_padding=&#8220;0px|0px|0px|0px&#8220; global_colors_info=&#8220;{}&#8220;]<span style=\"color: #ffffff;\">:<\/span><br \/>\n<span style=\"color: #ffffff;\">:<\/span><br \/>\n[\/et_pb_text][\/et_pb_column][et_pb_column type=&#8220;2_3&#8243; _builder_version=&#8220;4.16&#8243; background_position=&#8220;top_left&#8220; custom_padding=&#8220;0px|0px|0px|&#8220; global_colors_info=&#8220;{}&#8220; custom_padding__hover=&#8220;|||&#8220;][et_pb_text admin_label=&#8220;Text Abstandshalter&#8220; _builder_version=&#8220;4.16&#8243; custom_margin=&#8220;0px|0px|0px|0px&#8220; custom_padding=&#8220;0px|0px|0px|0px&#8220; global_colors_info=&#8220;{}&#8220;]<span style=\"color: #ffffff;\">:<\/span><br \/>\n<span style=\"color: #ffffff;\">:<\/span><br \/>\n[\/et_pb_text][\/et_pb_column][\/et_pb_row][et_pb_row column_structure=&#8220;2_3,1_3&#8243; _builder_version=&#8220;4.16&#8243; custom_padding=&#8220;0px|0px|0px|&#8220; global_colors_info=&#8220;{}&#8220;][et_pb_column type=&#8220;2_3&#8243; _builder_version=&#8220;4.16&#8243; background_position=&#8220;top_left&#8220; custom_padding=&#8220;0px|0px|0px|0px&#8220; global_colors_info=&#8220;{}&#8220; custom_padding__hover=&#8220;|||&#8220;][et_pb_text admin_label=&#8220;Text Inhaltsverzeichnis der 2. Auflage&#8220; _builder_version=&#8220;4.27.4&#8243; global_colors_info=&#8220;{}&#8220;]<\/p>\n<p><strong><a href=\"http:\/\/verlag-steuerlux.de\/site\/wp-content\/uploads\/pdf_downloads\/Inhaltsverzeichnis_Steuerlux_Buch_Auflage_2018.pdf\" target=\"_blank\" rel=\"noopener\">Inhaltsverzeichnis\u00a0<\/a><\/strong><\/p>\n<p>[\/et_pb_text][\/et_pb_column][et_pb_column type=&#8220;1_3&#8243; _builder_version=&#8220;4.16&#8243; background_position=&#8220;top_left&#8220; custom_padding=&#8220;0px|0px|0px|&#8220; global_colors_info=&#8220;{}&#8220; custom_padding__hover=&#8220;|||&#8220;][\/et_pb_column][\/et_pb_row][et_pb_row column_structure=&#8220;1_3,2_3&#8243; _builder_version=&#8220;4.16&#8243; background_size=&#8220;initial&#8220; background_position=&#8220;top_left&#8220; background_repeat=&#8220;repeat&#8220; custom_padding=&#8220;0px|0px|0px|&#8220; global_colors_info=&#8220;{}&#8220;][et_pb_column type=&#8220;1_3&#8243; _builder_version=&#8220;4.16&#8243; background_position=&#8220;top_left&#8220; custom_padding=&#8220;0px|0px|0px|0px&#8220; global_colors_info=&#8220;{}&#8220; custom_padding__hover=&#8220;|||&#8220;][et_pb_text admin_label=&#8220;Text Abstandshalter&#8220; _builder_version=&#8220;4.16&#8243; custom_margin=&#8220;0px|0px|0px|0px&#8220; custom_padding=&#8220;0px|0px|0px|0px&#8220; global_colors_info=&#8220;{}&#8220;]<span style=\"color: #ffffff;\">:<\/span><br \/>\n<span style=\"color: #ffffff;\">:<\/span><br \/>\n[\/et_pb_text][\/et_pb_column][et_pb_column type=&#8220;2_3&#8243; _builder_version=&#8220;4.16&#8243; background_position=&#8220;top_left&#8220; custom_padding=&#8220;0px|0px|0px|&#8220; global_colors_info=&#8220;{}&#8220; custom_padding__hover=&#8220;|||&#8220;][et_pb_text admin_label=&#8220;Text Abstandshalter&#8220; _builder_version=&#8220;4.16&#8243; custom_margin=&#8220;0px|0px|0px|0px&#8220; custom_padding=&#8220;0px|0px|0px|0px&#8220; global_colors_info=&#8220;{}&#8220;]<span style=\"color: #ffffff;\">:<\/span><br \/>\n<span style=\"color: #ffffff;\">:<\/span><br \/>\n[\/et_pb_text][\/et_pb_column][\/et_pb_row][et_pb_row column_structure=&#8220;2_3,1_3&#8243; _builder_version=&#8220;4.16&#8243; custom_padding=&#8220;0px|0px|0px|&#8220; global_colors_info=&#8220;{}&#8220;][et_pb_column type=&#8220;2_3&#8243; _builder_version=&#8220;4.16&#8243; background_position=&#8220;top_left&#8220; custom_padding=&#8220;0px|0px|0px|0px&#8220; global_colors_info=&#8220;{}&#8220; custom_padding__hover=&#8220;|||&#8220;][et_pb_text admin_label=&#8220;Text Stichwortverzeichnis &#8211; Index &#8211; der 2. Auflage&#8220; _builder_version=&#8220;4.27.4&#8243; global_colors_info=&#8220;{}&#8220;]<\/p>\n<p><strong><a href=\"http:\/\/www.verlag-steuerlux.de\/site\/wp-content\/uploads\/pdf_downloads\/Stichwortverzeichnis_Steuerlux_Buch_Auflage_2018.pdf\" target=\"_blank\" rel=\"noopener\">Stichwortverzeichnis &#8211; Index\u00a0<\/a><\/strong><\/p>\n<p>[\/et_pb_text][\/et_pb_column][et_pb_column type=&#8220;1_3&#8243; _builder_version=&#8220;4.16&#8243; background_position=&#8220;top_left&#8220; custom_padding=&#8220;0px|0px|0px|&#8220; global_colors_info=&#8220;{}&#8220; custom_padding__hover=&#8220;|||&#8220;][\/et_pb_column][\/et_pb_row][\/et_pb_section][et_pb_section fb_built=&#8220;1&#8243; _builder_version=&#8220;4.16&#8243; custom_padding=&#8220;0px|0px|0px|0px&#8220; global_colors_info=&#8220;{}&#8220;][et_pb_row _builder_version=&#8220;4.16&#8243; background_size=&#8220;initial&#8220; background_position=&#8220;top_left&#8220; background_repeat=&#8220;repeat&#8220; custom_padding=&#8220;0px|0px|0px|0px&#8220; global_colors_info=&#8220;{}&#8220;][et_pb_column type=&#8220;4_4&#8243; _builder_version=&#8220;4.16&#8243; custom_padding=&#8220;|||&#8220; global_colors_info=&#8220;{}&#8220; custom_padding__hover=&#8220;|||&#8220;][et_pb_text admin_label=&#8220;Text Abstandshalter mit Leerzeilen&#8220; _builder_version=&#8220;4.16&#8243; custom_margin=&#8220;0px|0px|0px|0px&#8220; custom_padding=&#8220;0px|0px|10px|0px&#8220; border_style=&#8220;solid&#8220; global_colors_info=&#8220;{}&#8220;]<span style=\"color: #ffffff;\">:<\/span><br \/>\n<span style=\"color: #ffffff;\">:<\/span><br \/>\n[\/et_pb_text][et_pb_text admin_label=&#8220;Text + Link Impressum Verlag Steuerlux&#8220; _builder_version=&#8220;4.16&#8243; custom_padding=&#8220;||5px|&#8220; global_colors_info=&#8220;{}&#8220;]<\/p>\n<p style=\"text-align: center;\"><span class=\"st\">\u00a9Verlag Steuerlux Unternehmergesellschaft (haftungsbeschr\u00e4nkt) &#8211; <a href=\"https:\/\/www.verlag-steuerlux.de\/site\/home\/impressum\/\">Impressum<\/a><br \/>\n<\/span><\/p>\n<p>[\/et_pb_text][\/et_pb_column][\/et_pb_row][\/et_pb_section]<\/p>\n","protected":false},"excerpt":{"rendered":"<p>: : : : SteuerLUX &#8211; Ratgeber f\u00fcr Grenzg\u00e4nger Das Renten BuchIm November 2025 erscheint das neue Buch&#8220;Die Renten der Grenzg\u00e4nger Deutschland-Luxemburg&#8220; &nbsp; F\u00fcr viele Grenzg\u00e4nger steht der Ruhestand unmittelbar bevor.Das neue Buch bietet eine klare und fundierte Einf\u00fchrung in die Grunds\u00e4tzedes Rentenrechts, speziell aus der Sicht deutscher Grenzg\u00e4nger. Ein besonderer Schwerpunkt liegt auf der [&hellip;]<\/p>\n","protected":false},"author":1,"featured_media":0,"parent":0,"menu_order":1,"comment_status":"closed","ping_status":"closed","template":"","meta":{"_et_pb_use_builder":"on","_et_pb_old_content":"","_et_gb_content_width":"","footnotes":""},"class_list":["post-3082","page","type-page","status-publish","hentry"],"_links":{"self":[{"href":"https:\/\/www.verlag-steuerlux.de\/site\/wp-json\/wp\/v2\/pages\/3082","targetHints":{"allow":["GET"]}}],"collection":[{"href":"https:\/\/www.verlag-steuerlux.de\/site\/wp-json\/wp\/v2\/pages"}],"about":[{"href":"https:\/\/www.verlag-steuerlux.de\/site\/wp-json\/wp\/v2\/types\/page"}],"author":[{"embeddable":true,"href":"https:\/\/www.verlag-steuerlux.de\/site\/wp-json\/wp\/v2\/users\/1"}],"replies":[{"embeddable":true,"href":"https:\/\/www.verlag-steuerlux.de\/site\/wp-json\/wp\/v2\/comments?post=3082"}],"version-history":[{"count":27,"href":"https:\/\/www.verlag-steuerlux.de\/site\/wp-json\/wp\/v2\/pages\/3082\/revisions"}],"predecessor-version":[{"id":3294,"href":"https:\/\/www.verlag-steuerlux.de\/site\/wp-json\/wp\/v2\/pages\/3082\/revisions\/3294"}],"wp:attachment":[{"href":"https:\/\/www.verlag-steuerlux.de\/site\/wp-json\/wp\/v2\/media?parent=3082"}],"curies":[{"name":"wp","href":"https:\/\/api.w.org\/{rel}","templated":true}]}}