{"id":3021,"date":"2018-12-05T12:00:04","date_gmt":"2018-12-05T11:00:04","guid":{"rendered":"https:\/\/www.verlag-steuerlux.de\/site\/?page_id=3021"},"modified":"2018-12-05T12:02:28","modified_gmt":"2018-12-05T11:02:28","slug":"news","status":"publish","type":"page","link":"https:\/\/www.verlag-steuerlux.de\/site\/news\/","title":{"rendered":"News"},"content":{"rendered":"<p>[et_pb_section bb_built=&#8220;1&#8243; admin_label=&#8220;Wilkommen Block 1&#8243; custom_padding=&#8220;0px|0px|0px|&#8220; _builder_version=&#8220;3.0.64&#8243; next_background_color=&#8220;#000000&#8243;][et_pb_row custom_padding=&#8220;0px|0px|0px|0px&#8220; _builder_version=&#8220;3.2&#8243; background_size=&#8220;initial&#8220; background_position=&#8220;top_left&#8220; background_repeat=&#8220;repeat&#8220;][et_pb_column type=&#8220;4_4&#8243;][\/et_pb_column][\/et_pb_row][et_pb_row custom_padding=&#8220;0px|0px|0px|&#8220; padding_top_1=&#8220;0px&#8220; padding_right_1=&#8220;0px&#8220; padding_bottom_1=&#8220;0px&#8220; padding_left_1=&#8220;0px&#8220; padding_top_2=&#8220;0px&#8220; padding_right_2=&#8220;0px&#8220; padding_bottom_2=&#8220;0px&#8220; background_position_1=&#8220;top_left&#8220; background_position_2=&#8220;top_left&#8220; background_repeat_1=&#8220;no-repeat&#8220; background_repeat_2=&#8220;no-repeat&#8220; _builder_version=&#8220;3.0.64&#8243; background_position=&#8220;top_left&#8220; background_repeat=&#8220;repeat&#8220; background_size=&#8220;initial&#8220;][et_pb_column type=&#8220;1_3&#8243;][et_pb_text admin_label=&#8220;Text Abstandshalter&#8220; _builder_version=&#8220;3.2&#8243; custom_margin=&#8220;0px|0px|0px|0px&#8220; custom_padding=&#8220;0px|0px|0px|0px&#8220;]<\/p>\n<p><span style=\"color: #ffffff;\">:<\/span><br \/>\n<span style=\"color: #ffffff;\">:<\/span><\/p>\n<p>[\/et_pb_text][\/et_pb_column][et_pb_column type=&#8220;2_3&#8243;][et_pb_text admin_label=&#8220;Text Abstandshalter&#8220; _builder_version=&#8220;3.2&#8243; custom_margin=&#8220;0px|0px|0px|0px&#8220; custom_padding=&#8220;0px|0px|0px|0px&#8220;]<\/p>\n<p><span style=\"color: #ffffff;\">:<\/span><br \/>\n<span style=\"color: #ffffff;\">:<\/span><\/p>\n<p>[\/et_pb_text][\/et_pb_column][\/et_pb_row][et_pb_row custom_padding=&#8220;0px|0px|0px|&#8220; padding_top_1=&#8220;0px&#8220; padding_right_1=&#8220;0px&#8220; padding_bottom_1=&#8220;0px&#8220; padding_left_1=&#8220;0px&#8220; padding_top_2=&#8220;0px&#8220; padding_right_2=&#8220;0px&#8220; padding_bottom_2=&#8220;0px&#8220; background_position_1=&#8220;top_left&#8220; background_position_2=&#8220;top_left&#8220; background_repeat_1=&#8220;no-repeat&#8220; background_repeat_2=&#8220;no-repeat&#8220; _builder_version=&#8220;3.0.64&#8243;][et_pb_column type=&#8220;2_3&#8243;][et_pb_text admin_label=&#8220;Text \u00dcberschrift Mayersche in Trier pr\u00e4sentiert Buch&#8220; _builder_version=&#8220;3.11.1&#8243;]<\/p>\n<h3 class=\"csc-firstHeader\">Mayersche in Trier pr\u00e4sentiert Buch<\/h3>\n<p>[\/et_pb_text][et_pb_text admin_label=&#8220;Text Mayersche in Trier pr\u00e4sentiert Buch&#8220; _builder_version=&#8220;3.11.1&#8243;]<\/p>\n<p class=\"bodytext\">Am 1<b>6. April 2018<\/b>\u00a0wurde das Buch\u00a0<b>Die Steuererkl\u00e4rungen der Grenzg\u00e4nger\u00a0<\/b>offiziell vorgestellt.<\/p>\n<p>Den Rahmen bildete die<b>\u00a0Veranstaltungsreihe LIVE<\/b>\u00a0der Mayerschen Buchhandlung am Trierer Kornmarkt. Die Mayersche veranstaltet mehrfach im Jahr Lesungen bekannter Autoren.<\/p>\n<p><b>Filialleiter Christian Simon<\/b>\u00a0begr\u00fc\u00dfte rund 50 Zuh\u00f6rer, die gespannt dem einst\u00fcndigen Vortrag des Autors folgten. Fragen der Zuh\u00f6rer waren erw\u00fcnscht und wurden auch noch nach dem Vortrag beantwortet.<\/p>\n<p>Wonnebauer bl\u00e4tterte durch sein Buch und stellte\u00a0<b>20 spannende Punkte<\/b>\u00a0heraus, die Grenzg\u00e4ngern eher unbekannt waren und im Buch erl\u00e4utert werden.<\/p>\n<p>Beispielsweise ist zwischen Luxemburg und Deutschland noch umstritten, wie die\u00a0<b>19-Tage-Regel\u00a0<\/b>gez\u00e4hlt wird. Nach Ansicht der deutschen Finanzverwaltung wird eine\u00a0<b>Pro-rata-Regel\u00a0<\/b>angewendet, wenn der Grenzg\u00e4nger unterj\u00e4hrig in Luxemburg seine Arbeit aufnimmt oder beendet. Wer also am 30.\u00a0 September ausscheidet, darf nur 18 Tage au\u00dferhalb Luxemburgs arbeiten, ohne Steuern in Deutschland zahlen zu m\u00fcssen. Man rechnet also mit 2 Tagen pro Monat, maximal aber mit 19 Tagen.<\/p>\n<p><b>Luxemburg wendete keine Pro-Rata-Regel<\/b>\u00a0an. Hier gelten somit 19 Tage.<\/p>\n<p>Die Folge ist eine Doppelbesteuerung. Dieses Problem wird dann also noch im Rahmen eines\u00a0<b>Verst\u00e4ndigungsverfahrens<\/b>\u00a0zu kl\u00e4ren sein.<\/p>\n<p>[\/et_pb_text][\/et_pb_column][et_pb_column type=&#8220;1_3&#8243;][et_pb_image admin_label=&#8220;Bild Wonnebauer_stephan_IMG_0371&#8243; _builder_version=&#8220;3.11.1&#8243; src=&#8220;https:\/\/www.verlag-steuerlux.de\/site\/wp-content\/uploads\/2018\/11\/Wonnebauer_stephan_IMG_0371.jpg&#8220; \/][et_pb_text admin_label=&#8220;Text Abstandshalter&#8220; _builder_version=&#8220;3.2&#8243; custom_margin=&#8220;0px|0px|0px|0px&#8220; custom_padding=&#8220;0px|0px|0px|0px&#8220;]<\/p>\n<p><span style=\"color: #ffffff;\">:<\/span><br \/>\n<span style=\"color: #ffffff;\">:<\/span><\/p>\n<p>[\/et_pb_text][et_pb_image admin_label=&#8220;Bild Wonnebauer_stephan_publikum_IMG_0356&#8243; _builder_version=&#8220;3.11.1&#8243; src=&#8220;https:\/\/www.verlag-steuerlux.de\/site\/wp-content\/uploads\/2018\/11\/Wonnebauer_stephan_publikum_IMG_0356.jpg&#8220; \/][\/et_pb_column][\/et_pb_row][et_pb_row custom_padding=&#8220;0px|0px|0px|&#8220; padding_top_1=&#8220;0px&#8220; padding_right_1=&#8220;0px&#8220; padding_bottom_1=&#8220;0px&#8220; padding_left_1=&#8220;0px&#8220; padding_top_2=&#8220;0px&#8220; padding_right_2=&#8220;0px&#8220; padding_bottom_2=&#8220;0px&#8220; background_position_1=&#8220;top_left&#8220; background_position_2=&#8220;top_left&#8220; background_repeat_1=&#8220;no-repeat&#8220; background_repeat_2=&#8220;no-repeat&#8220; _builder_version=&#8220;3.0.64&#8243;][et_pb_column type=&#8220;2_3&#8243;][\/et_pb_column][et_pb_column type=&#8220;1_3&#8243;][\/et_pb_column][\/et_pb_row][\/et_pb_section][et_pb_section bb_built=&#8220;1&#8243; custom_padding=&#8220;0px|0px|0px|0px&#8220; _builder_version=&#8220;3.0.64&#8243; prev_background_color=&#8220;#000000&#8243;][et_pb_row custom_padding=&#8220;0px|0px|0px|0px&#8220; _builder_version=&#8220;3.0.64&#8243; background_size=&#8220;initial&#8220; background_position=&#8220;top_left&#8220; background_repeat=&#8220;repeat&#8220;][et_pb_column type=&#8220;4_4&#8243;][et_pb_text admin_label=&#8220;Text Abstandshalter mit Leerzeilen&#8220; _builder_version=&#8220;3.0.64&#8243; custom_margin=&#8220;0px|0px|0px|0px&#8220; custom_padding=&#8220;0px|0px|10px|0px&#8220; background_layout=&#8220;light&#8220; text_orientation=&#8220;left&#8220; border_style=&#8220;solid&#8220;]<\/p>\n<p><span style=\"color: #ffffff;\">:<\/span><br \/>\n<span style=\"color: #ffffff;\">:<\/span><\/p>\n<p>[\/et_pb_text][et_pb_text admin_label=&#8220;Text + Link Impressum Verlag Steuerlux&#8220; _builder_version=&#8220;3.11.1&#8243; custom_padding=&#8220;||5px|&#8220;]<\/p>\n<p style=\"text-align: center;\"><span class=\"st\">\u00a9Verlag Steuerlux Unternehmergesellschaft (haftungsbeschr\u00e4nkt) &#8211; <a href=\"https:\/\/www.verlag-steuerlux.de\/site\/home\/impressum\/\">Impressum<\/a><br \/>\n<\/span><\/p>\n<p>[\/et_pb_text][\/et_pb_column][\/et_pb_row][\/et_pb_section]<\/p>\n","protected":false},"excerpt":{"rendered":"<p>: : : : Mayersche in Trier pr\u00e4sentiert Buch Am 16. April 2018\u00a0wurde das Buch\u00a0Die Steuererkl\u00e4rungen der Grenzg\u00e4nger\u00a0offiziell vorgestellt. Den Rahmen bildete die\u00a0Veranstaltungsreihe LIVE\u00a0der Mayerschen Buchhandlung am Trierer Kornmarkt. Die Mayersche veranstaltet mehrfach im Jahr Lesungen bekannter Autoren. Filialleiter Christian Simon\u00a0begr\u00fc\u00dfte rund 50 Zuh\u00f6rer, die gespannt dem einst\u00fcndigen Vortrag des Autors folgten. Fragen der Zuh\u00f6rer [&hellip;]<\/p>\n","protected":false},"author":1,"featured_media":0,"parent":0,"menu_order":0,"comment_status":"closed","ping_status":"closed","template":"","meta":{"_et_pb_use_builder":"on","_et_pb_old_content":"","_et_gb_content_width":"","footnotes":""},"class_list":["post-3021","page","type-page","status-publish","hentry"],"_links":{"self":[{"href":"https:\/\/www.verlag-steuerlux.de\/site\/wp-json\/wp\/v2\/pages\/3021","targetHints":{"allow":["GET"]}}],"collection":[{"href":"https:\/\/www.verlag-steuerlux.de\/site\/wp-json\/wp\/v2\/pages"}],"about":[{"href":"https:\/\/www.verlag-steuerlux.de\/site\/wp-json\/wp\/v2\/types\/page"}],"author":[{"embeddable":true,"href":"https:\/\/www.verlag-steuerlux.de\/site\/wp-json\/wp\/v2\/users\/1"}],"replies":[{"embeddable":true,"href":"https:\/\/www.verlag-steuerlux.de\/site\/wp-json\/wp\/v2\/comments?post=3021"}],"version-history":[{"count":2,"href":"https:\/\/www.verlag-steuerlux.de\/site\/wp-json\/wp\/v2\/pages\/3021\/revisions"}],"predecessor-version":[{"id":3024,"href":"https:\/\/www.verlag-steuerlux.de\/site\/wp-json\/wp\/v2\/pages\/3021\/revisions\/3024"}],"wp:attachment":[{"href":"https:\/\/www.verlag-steuerlux.de\/site\/wp-json\/wp\/v2\/media?parent=3021"}],"curies":[{"name":"wp","href":"https:\/\/api.w.org\/{rel}","templated":true}]}}