{"id":2944,"date":"2018-11-12T17:15:46","date_gmt":"2018-11-12T16:15:46","guid":{"rendered":"https:\/\/www.verlag-steuerlux.de\/site\/?page_id=2944"},"modified":"2018-12-05T13:48:53","modified_gmt":"2018-12-05T12:48:53","slug":"agbs","status":"publish","type":"page","link":"https:\/\/www.verlag-steuerlux.de\/site\/agbs\/","title":{"rendered":"AGBs"},"content":{"rendered":"<p>[et_pb_section bb_built=&#8220;1&#8243; custom_padding=&#8220;0px|0px|0px|0px&#8220; _builder_version=&#8220;3.0.64&#8243; next_background_color=&#8220;#000000&#8243;][et_pb_row custom_padding=&#8220;0px|0px|0px|0px&#8220; _builder_version=&#8220;3.0.64&#8243; background_size=&#8220;initial&#8220; background_position=&#8220;top_left&#8220; background_repeat=&#8220;repeat&#8220;][et_pb_column type=&#8220;4_4&#8243;][et_pb_text admin_label=&#8220;Text Abstandshalter mit Leerzeilen&#8220; _builder_version=&#8220;3.0.64&#8243; custom_margin=&#8220;0px|0px|0px|0px&#8220; custom_padding=&#8220;0px|0px|10px|0px&#8220; background_layout=&#8220;light&#8220; text_orientation=&#8220;left&#8220; border_style=&#8220;solid&#8220;]<\/p>\n<p><span style=\"color: #ffffff;\">:<\/span><br \/>\n<span style=\"color: #ffffff;\">:<\/span><\/p>\n<p>[\/et_pb_text][\/et_pb_column][\/et_pb_row][et_pb_row][et_pb_column type=&#8220;3_4&#8243;][et_pb_text admin_label=&#8220;Text \u00dcberschrift Allgemeine Gesch\u00e4ftsbedingungen&#8220; _builder_version=&#8220;3.11.1&#8243;]<\/p>\n<h3 class=\"csc-firstHeader\">Allgemeine Gesch\u00e4ftsbedingungen<\/h3>\n<p>[\/et_pb_text][et_pb_text admin_label=&#8220;Text Allgemeine Gesch\u00e4ftsbedingungen&#8220; _builder_version=&#8220;3.11.1&#8243;]<\/p>\n<p class=\"bodytext\"><b>Allgemeine Gesch\u00e4ftsbedingungen ab 1.1.2018<\/b><\/p>\n<p><b>1. Bestellung\u00a0<\/b><\/p>\n<p>Die Lieferung erfolgt grunds\u00e4tzlich auf Kosten und Gefahr des Bestellers mit Eigentumsvorbehalt gem\u00e4\u00df \u00a7\u00a0455\u00a0BGB.<\/p>\n<p>Fachgem\u00e4\u00dfe Verpackung wird garantiert, f\u00fcr Transportsch\u00e4den \u00fcbernimmt der\u00a0Verlag Steuerlux\u00a0keine Haftung.<\/p>\n<p><b>Technische M\u00e4ngel und Sch\u00e4den<br \/>\n<\/b><br \/>\nTrotz sorgf\u00e4ltiger \u00dcberpr\u00fcfung aller Produkte k\u00f6nnen gelegentliche Besch\u00e4digungen oder technische M\u00e4ngel nicht ausgeschlossen werden. Mangelhafte Exemplare werden gegen einwandfreie umgetauscht. Wir bitten, schadhafte Exemplare innerhalb von 14 Tagen unter Angabe des Rechnungsdatums und der Kundennummer zur\u00fcckzusenden. Der Umtausch ist porto- und geb\u00fchrenfrei.<\/p>\n<p><b>2. Lieferungs- und Zahlungsbedingungen<\/b><\/p>\n<p class=\"bodytext\"><b>Buchh\u00e4ndlerrabatte<\/b><\/p>\n<p>Es gelten f\u00fcr alle eingehenden Bestellungen jeweils die folgenden Staffelrabatte:<\/p>\n<p>1 bis 9 Expl.\u00a0\u00a0\u00a0\u00a0\u00a0\u00a0\u00a0\u00a0\u00a0\u00a0 20%<\/p>\n<p>ab 10 Expl.\u00a0 \u00a0\u00a0\u00a0\u00a0\u00a0\u00a0\u00a0\u00a0\u00a0\u00a0 25%<\/p>\n<p class=\"bodytext\"><b><br \/>\nRemissionen<\/b><\/p>\n<p>R\u00fccksendungen fest bezogener B\u00fccher nehmen wir nur nach vorheriger Einwilligung an. In der Regel stimmen wir nur bei entsprechendem Bezug anderer B\u00fccher zu.<\/p>\n<p>Bei der Gutschrift f\u00fcr angenommene Remittenden behalten wir uns Abschl\u00e4ge f\u00fcr nicht einwandfreien Zustand vor. Bei R\u00fccksendungen bitten wir um Angabe von Rechnungsdatum, Rechnungsnummer und Kundennummer. Fehlen die Angaben der Bezugsdaten, erfolgt die Gutschrift auf der Basis des jeweils h\u00f6chsten Rabattsatzes.<\/p>\n<p><b><br \/>\nPorto<\/b><\/p>\n<p>Das Porto f\u00fcr Lieferungen geht zu Lasten des Empf\u00e4ngers bzw. Bestellers.<\/p>\n<p class=\"bodytext\"><b><br \/>\nF\u00e4lligkeit der Rechnungen<\/b><\/p>\n<p>F\u00fcr alle Rechnungen gilt ein Zahlungsziel von 30 Tagen (f\u00fcr den Buchhandel au\u00dferhalb Europas von 60 Tagen).<\/p>\n<p class=\"bodytext\"><b><br \/>\nZahlungsverkehr.<br \/>\n<\/b><br \/>\nZahlung bitte nur \u00fcber das auf der Rechnung angegebene Konto.<br \/>\nGeben Sie bei Ihren Zahlungsanweisungen bitte stets die vollst\u00e4ndige\u00a0Rechnungsnummer \u00a0und den \u20ac-Rechnungsbetrag an. Bitte aber nicht f\u00fcr andere Mitteilungen verwenden.<\/p>\n<p><b><br \/>\nLieferungsvorbehalt.<\/b><\/p>\n<p>Lieferungen erfolgen im allgemeinen \u201egegen Rechnung\u201c. Der\u00a0Verlag beh\u00e4lt sich jedoch vor, Vorauszahlungen anzufordern oder Nachnahmelieferungen durchzuf\u00fchren.<\/p>\n<p><b><br \/>\nGuthaben<\/b><\/p>\n<p>\u00dcberzahlungen, Gutschriften ect.) bitte bei Zahlungen selbst von dem Rechnungsbetrag abziehen, die K\u00fcrzung bitte auf dem Zahlungsabschnitt vermerken. Aus verwaltungstechnischen Gr\u00fcnden ist eine Ber\u00fccksichtigung solcher Guthaben bei Ihren Folgebestellungen nicht m\u00f6glich.<\/p>\n<p class=\"bodytext\"><b><br \/>\nEigentumsvorbehalt.<\/b><\/p>\n<p>Gelieferte Ware bleibt bis zur vollst\u00e4ndigen Bezahlung Eigentum des Verlages.<\/p>\n<p><b><br \/>\nErf\u00fcllungsort und Gerichtsstand<\/b>\u00a0ist TRIER.<\/p>\n<p>Es\u00a0wird deutsches Recht vereinbart.<\/p>\n<p><b><br \/>\nSalvatorische Klausel<br \/>\n<\/b><br \/>\nWenn einzelne Bestimmungen dieser allgemeinen Nutzungsbedingungen ganz oder teilweise nicht rechtswirksam sind oder ihre Rechtswirksamkeit ganz oder teilweise sp\u00e4ter verlieren, wird hierdurch die G\u00fcltigkeit der allgemeinen Nutzungsbedingungen im \u00dcbrigen nicht ber\u00fchrt. An die Stelle der unwirksamen Regelung treten die gesetzlichen Bestimmungen. Das gleiche gilt, soweit die allgemeinen Nutzungsbedingungen eventuelle Regelungsl\u00fccken aufweisen.<\/p>\n<p>[\/et_pb_text][\/et_pb_column][et_pb_column type=&#8220;1_4&#8243;][\/et_pb_column][\/et_pb_row][\/et_pb_section][et_pb_section bb_built=&#8220;1&#8243; custom_padding=&#8220;0px|0px|0px|0px&#8220; _builder_version=&#8220;3.0.64&#8243; prev_background_color=&#8220;#000000&#8243;][et_pb_row custom_padding=&#8220;0px|0px|0px|0px&#8220; _builder_version=&#8220;3.0.64&#8243; background_size=&#8220;initial&#8220; background_position=&#8220;top_left&#8220; background_repeat=&#8220;repeat&#8220;][et_pb_column type=&#8220;4_4&#8243;][et_pb_text admin_label=&#8220;Text Abstandshalter mit Leerzeilen&#8220; _builder_version=&#8220;3.0.64&#8243; custom_margin=&#8220;0px|0px|0px|0px&#8220; custom_padding=&#8220;0px|0px|10px|0px&#8220; background_layout=&#8220;light&#8220; text_orientation=&#8220;left&#8220; border_style=&#8220;solid&#8220;]<\/p>\n<p><span style=\"color: #ffffff;\">:<\/span><br \/>\n<span style=\"color: #ffffff;\">:<\/span><\/p>\n<p>[\/et_pb_text][et_pb_text admin_label=&#8220;Text + Link Impressum Verlag Steuerlux&#8220; _builder_version=&#8220;3.11.1&#8243; custom_padding=&#8220;||5px|&#8220;]<\/p>\n<p style=\"text-align: center;\"><span class=\"st\">\u00a9Verlag Steuerlux Unternehmergesellschaft (haftungsbeschr\u00e4nkt) &#8211; <a href=\"https:\/\/www.verlag-steuerlux.de\/site\/home\/impressum\/\">Impressum<\/a><br \/>\n<\/span><\/p>\n<p>[\/et_pb_text][\/et_pb_column][\/et_pb_row][\/et_pb_section]<\/p>\n","protected":false},"excerpt":{"rendered":"<p>: : <div class=\"et_pb_row et_pb_row_0 et_pb_row_empty\">\n\t\t\t\t\n\t\t\t\t\n\t\t\t\t\n\t\t\t\t\n\t\t\t\t\n\t\t\t<\/div> Allgemeine Gesch\u00e4ftsbedingungen Allgemeine Gesch\u00e4ftsbedingungen ab 1.1.2018 1. Bestellung\u00a0 Die Lieferung erfolgt grunds\u00e4tzlich auf Kosten und Gefahr des Bestellers mit Eigentumsvorbehalt gem\u00e4\u00df \u00a7\u00a0455\u00a0BGB. Fachgem\u00e4\u00dfe Verpackung wird garantiert, f\u00fcr Transportsch\u00e4den \u00fcbernimmt der\u00a0Verlag Steuerlux\u00a0keine Haftung. Technische M\u00e4ngel und Sch\u00e4den Trotz sorgf\u00e4ltiger \u00dcberpr\u00fcfung aller Produkte k\u00f6nnen gelegentliche Besch\u00e4digungen oder technische M\u00e4ngel nicht ausgeschlossen werden. Mangelhafte Exemplare [&hellip;]<\/p>\n","protected":false},"author":1,"featured_media":0,"parent":0,"menu_order":6,"comment_status":"closed","ping_status":"closed","template":"","meta":{"_et_pb_use_builder":"on","_et_pb_old_content":"","_et_gb_content_width":"","footnotes":""},"class_list":["post-2944","page","type-page","status-publish","hentry"],"_links":{"self":[{"href":"https:\/\/www.verlag-steuerlux.de\/site\/wp-json\/wp\/v2\/pages\/2944","targetHints":{"allow":["GET"]}}],"collection":[{"href":"https:\/\/www.verlag-steuerlux.de\/site\/wp-json\/wp\/v2\/pages"}],"about":[{"href":"https:\/\/www.verlag-steuerlux.de\/site\/wp-json\/wp\/v2\/types\/page"}],"author":[{"embeddable":true,"href":"https:\/\/www.verlag-steuerlux.de\/site\/wp-json\/wp\/v2\/users\/1"}],"replies":[{"embeddable":true,"href":"https:\/\/www.verlag-steuerlux.de\/site\/wp-json\/wp\/v2\/comments?post=2944"}],"version-history":[{"count":7,"href":"https:\/\/www.verlag-steuerlux.de\/site\/wp-json\/wp\/v2\/pages\/2944\/revisions"}],"predecessor-version":[{"id":3058,"href":"https:\/\/www.verlag-steuerlux.de\/site\/wp-json\/wp\/v2\/pages\/2944\/revisions\/3058"}],"wp:attachment":[{"href":"https:\/\/www.verlag-steuerlux.de\/site\/wp-json\/wp\/v2\/media?parent=2944"}],"curies":[{"name":"wp","href":"https:\/\/api.w.org\/{rel}","templated":true}]}}