{"id":2937,"date":"2018-11-12T17:14:39","date_gmt":"2018-11-12T16:14:39","guid":{"rendered":"https:\/\/www.verlag-steuerlux.de\/site\/?page_id=2937"},"modified":"2025-10-23T08:11:03","modified_gmt":"2025-10-23T06:11:03","slug":"steuerluxdasbuch","status":"publish","type":"page","link":"https:\/\/www.verlag-steuerlux.de\/site\/steuerluxdasbuch\/","title":{"rendered":"Steuerlux &#8211; Das Steuer Buch"},"content":{"rendered":"<p>[et_pb_section fb_built=&#8220;1&#8243; admin_label=&#8220;Wilkommen Block 1&#8243; _builder_version=&#8220;4.16&#8243; custom_padding=&#8220;0px|0px|0px|&#8220; global_colors_info=&#8220;{}&#8220;][et_pb_row _builder_version=&#8220;4.16&#8243; background_size=&#8220;initial&#8220; background_position=&#8220;top_left&#8220; background_repeat=&#8220;repeat&#8220; custom_padding=&#8220;0px|0px|0px|0px&#8220; global_colors_info=&#8220;{}&#8220;][et_pb_column type=&#8220;4_4&#8243; _builder_version=&#8220;4.16&#8243; custom_padding=&#8220;|||&#8220; global_colors_info=&#8220;{}&#8220; custom_padding__hover=&#8220;|||&#8220;][\/et_pb_column][\/et_pb_row][et_pb_row column_structure=&#8220;1_3,2_3&#8243; _builder_version=&#8220;4.16&#8243; background_size=&#8220;initial&#8220; background_position=&#8220;top_left&#8220; background_repeat=&#8220;repeat&#8220; custom_padding=&#8220;0px|0px|0px|&#8220; global_colors_info=&#8220;{}&#8220;][et_pb_column type=&#8220;1_3&#8243; _builder_version=&#8220;4.16&#8243; background_position=&#8220;top_left&#8220; custom_padding=&#8220;0px|0px|0px|0px&#8220; global_colors_info=&#8220;{}&#8220; custom_padding__hover=&#8220;|||&#8220;][et_pb_text admin_label=&#8220;Text Abstandshalter&#8220; _builder_version=&#8220;4.16&#8243; custom_margin=&#8220;0px|0px|0px|0px&#8220; custom_padding=&#8220;0px|0px|0px|0px&#8220; global_colors_info=&#8220;{}&#8220;]<span style=\"color: #ffffff;\">:<\/span><br \/>\n<span style=\"color: #ffffff;\">:<\/span><br \/>\n[\/et_pb_text][\/et_pb_column][et_pb_column type=&#8220;2_3&#8243; _builder_version=&#8220;4.16&#8243; background_position=&#8220;top_left&#8220; custom_padding=&#8220;0px|0px|0px|&#8220; global_colors_info=&#8220;{}&#8220; custom_padding__hover=&#8220;|||&#8220;][et_pb_text admin_label=&#8220;Text Abstandshalter&#8220; _builder_version=&#8220;4.16&#8243; custom_margin=&#8220;0px|0px|0px|0px&#8220; custom_padding=&#8220;0px|0px|0px|0px&#8220; global_colors_info=&#8220;{}&#8220;]<span style=\"color: #ffffff;\">:<\/span><br \/>\n<span style=\"color: #ffffff;\">:<\/span><br \/>\n[\/et_pb_text][\/et_pb_column][\/et_pb_row][et_pb_row column_structure=&#8220;2_3,1_3&#8243; _builder_version=&#8220;4.16&#8243; custom_padding=&#8220;0px|0px|0px|&#8220; global_colors_info=&#8220;{}&#8220;][et_pb_column type=&#8220;2_3&#8243; _builder_version=&#8220;4.16&#8243; background_position=&#8220;top_left&#8220; custom_padding=&#8220;0px|0px|0px|0px&#8220; global_colors_info=&#8220;{}&#8220; custom_padding__hover=&#8220;|||&#8220;][et_pb_text admin_label=&#8220;Text \u00dcberschrift Steuerlux 2. Auflage &#8220; _builder_version=&#8220;4.27.4&#8243; _module_preset=&#8220;default&#8220; global_colors_info=&#8220;{}&#8220;]<\/p>\n<h3>SteuerLUX &#8211; Ratgeber f\u00fcr Grenzg\u00e4nger<\/h3>\n<h3><strong>Das Steuer Buch<br \/><\/strong>2. Auflage (2018)<\/h3>\n<p>[\/et_pb_text][et_pb_text admin_label=&#8220;Text Steuerlux 2. Auflage erh\u00e4ltlich seit April 2018&#8243; _builder_version=&#8220;4.27.4&#8243; global_colors_info=&#8220;{}&#8220;]<\/p>\n<p class=\"bodytext\">Seit dem Jahr 2009 ist das Buch<br \/><b><span style=\"color: #960f50;\">&#8222;Die Steuererkl\u00e4rungen der Grenzg\u00e4nger Deutschland-Luxemburg&#8220;<\/span><br \/><\/b>mit Ausf\u00fchrungen zu den Familienleistungen, zum Sozialversicherungsrecht<br \/>sowie insbesondere zur Krankenversicherung ein informatives Nachschlagewerk<br \/>f\u00fcr Luxemburg-Grenzg\u00e4nger, Personalabteilungen,<br \/>Rechtsanw\u00e4lte\u00a0und\u00a0Steuerberater, aber auch f\u00fcr Beh\u00f6rden, die<br \/>mit Luxemburg-Grenzg\u00e4ngern zu tun haben und sich grundliegend<br \/>informieren wollen.<\/p>\n<p><b>Aufgrund der in\u00a02017 durchgef\u00fchrten gro\u00dfen Steuerreform<br \/>erschien eine Neuauflage<\/b>\u00a0des umfangreichen Nachschlagewerkes.<br \/><b><br \/>Schwerpunkt des Buches ist das Steuerrecht f\u00fcr Grenzg\u00e4nger.<\/b><br \/>Erl\u00e4utert werden die deutsche und luxemburgische Steuererkl\u00e4rung.<\/p>\n<p>Neu aufgenommen wurden die<br \/><b>Verst\u00e4ndigungsvereinbarungen aus dem Jahr 2011 und das neue DBA ab dem Jahr 2014.<br \/><\/b><br \/>Entsprechende Urteile des BFH und EuGH runden das Buch ab.<\/p>\n<p>Insbesondere aber die<b>\u00a0luxemburger Steuerreform 2017-2018<\/b>\u00a0wurde eingearbeitet.<\/p>\n<p>Aufgrund der erweiterten Ausf\u00fchrungen zum Steuerrecht konnten die Themen Familienleistungen und Sozialversicherungsrecht nicht mehr aufgenommen werden. Hier ist zu einem sp\u00e4teren Zeitpunkt ein eigenes Werk geplant.<\/p>\n<p>Die &#8222;Verfallszeit&#8220; des luxemburgischen Steuerrechts ist bei weitem nicht mit\u00a0dem deutschen Steuerrecht zu vergleichen. Insofern wird auch die 2. Auflage f\u00fcr lange Zeit aktuell bleiben.<\/p>\n<p><b>Grenzg\u00e4nger\u00a0k\u00f6nnen damit ihre Steuererkl\u00e4rungen selbst fertigen.\u00a0<\/b><\/p>\n<p>Auch wer sich\u00a0grundlegend \u00fcber das Grenzg\u00e4ngertum informieren will,<br \/>ist damit bestens bedient.<\/p>\n<p>Dieses\u00a0Basiswerk\u00a0sollte in keinem B\u00fccherregal von Grenzg\u00e4ngern fehlen.<br \/>Das Buch ist ca. 260 Seiten stark und\u00a0zum\u00a0Preis von 39,90 Euro<br \/>zuz\u00fcglich 3,00 \u20ac Versandkosten im Direktvertrieb beim Verlag Steuerlux<br \/>und im Buchhandel erh\u00e4ltlich.<\/p>\n<p class=\"bodytext\">Die ISBN-Nummer lautet:\u00a0\u00a0<b>ISBN 978-3-00-058903-4<\/b><\/p>\n<p>[\/et_pb_text][\/et_pb_column][et_pb_column type=&#8220;1_3&#8243; _builder_version=&#8220;4.16&#8243; background_position=&#8220;top_left&#8220; custom_padding=&#8220;0px|0px|0px|&#8220; global_colors_info=&#8220;{}&#8220; custom_padding__hover=&#8220;|||&#8220;][et_pb_image src=&#8220;https:\/\/www.verlag-steuerlux.de\/site\/wp-content\/uploads\/2018\/11\/Wonnebauer_Buchcover3_Montage_NEU_80dda7c005.jpg&#8220; align_tablet=&#8220;center&#8220; align_phone=&#8220;center&#8220; align_last_edited=&#8220;on|desktop&#8220; admin_label=&#8220;Bild Wonnebauer_Buchcover3_Montage_NEU_80dda7c005&#8243; _builder_version=&#8220;4.16&#8243; global_colors_info=&#8220;{}&#8220;][\/et_pb_image][\/et_pb_column][\/et_pb_row][et_pb_row column_structure=&#8220;1_3,2_3&#8243; _builder_version=&#8220;4.16&#8243; background_size=&#8220;initial&#8220; background_position=&#8220;top_left&#8220; background_repeat=&#8220;repeat&#8220; custom_padding=&#8220;0px|0px|0px|&#8220; global_colors_info=&#8220;{}&#8220;][et_pb_column type=&#8220;1_3&#8243; _builder_version=&#8220;4.16&#8243; background_position=&#8220;top_left&#8220; custom_padding=&#8220;0px|0px|0px|0px&#8220; global_colors_info=&#8220;{}&#8220; custom_padding__hover=&#8220;|||&#8220;][et_pb_text admin_label=&#8220;Text Abstandshalter&#8220; _builder_version=&#8220;4.16&#8243; custom_margin=&#8220;0px|0px|0px|0px&#8220; custom_padding=&#8220;0px|0px|0px|0px&#8220; global_colors_info=&#8220;{}&#8220;]<span style=\"color: #ffffff;\">:<\/span><br \/>\n<span style=\"color: #ffffff;\">:<\/span><br \/>\n[\/et_pb_text][\/et_pb_column][et_pb_column type=&#8220;2_3&#8243; _builder_version=&#8220;4.16&#8243; background_position=&#8220;top_left&#8220; custom_padding=&#8220;0px|0px|0px|&#8220; global_colors_info=&#8220;{}&#8220; custom_padding__hover=&#8220;|||&#8220;][et_pb_text admin_label=&#8220;Text Abstandshalter&#8220; _builder_version=&#8220;4.16&#8243; custom_margin=&#8220;0px|0px|0px|0px&#8220; custom_padding=&#8220;0px|0px|0px|0px&#8220; global_colors_info=&#8220;{}&#8220;]<span style=\"color: #ffffff;\">:<\/span><br \/>\n<span style=\"color: #ffffff;\">:<\/span><br \/>\n[\/et_pb_text][\/et_pb_column][\/et_pb_row][et_pb_row column_structure=&#8220;2_3,1_3&#8243; _builder_version=&#8220;4.16&#8243; custom_padding=&#8220;0px|0px|0px|&#8220; global_colors_info=&#8220;{}&#8220;][et_pb_column type=&#8220;2_3&#8243; _builder_version=&#8220;4.16&#8243; background_position=&#8220;top_left&#8220; custom_padding=&#8220;0px|0px|0px|0px&#8220; global_colors_info=&#8220;{}&#8220; custom_padding__hover=&#8220;|||&#8220;][et_pb_text admin_label=&#8220;Text ZUM BESTELLFORMULAR&#8220; _builder_version=&#8220;4.16&#8243; global_colors_info=&#8220;{}&#8220;]<\/p>\n<p class=\"bodytext\"><a title=\"\u00d6ffnet internen Link im aktuellen Fenster\" href=\"https:\/\/www.verlag-steuerlux.de\/site\/bestellformular\/\"><b>ZUM BESTELLFORMULAR<\/b><\/a><\/p>\n<p>[\/et_pb_text][\/et_pb_column][et_pb_column type=&#8220;1_3&#8243; _builder_version=&#8220;4.16&#8243; background_position=&#8220;top_left&#8220; custom_padding=&#8220;0px|0px|0px|&#8220; global_colors_info=&#8220;{}&#8220; custom_padding__hover=&#8220;|||&#8220;][\/et_pb_column][\/et_pb_row][et_pb_row column_structure=&#8220;1_3,2_3&#8243; _builder_version=&#8220;4.16&#8243; background_size=&#8220;initial&#8220; background_position=&#8220;top_left&#8220; background_repeat=&#8220;repeat&#8220; custom_padding=&#8220;0px|0px|0px|&#8220; global_colors_info=&#8220;{}&#8220;][et_pb_column type=&#8220;1_3&#8243; _builder_version=&#8220;4.16&#8243; background_position=&#8220;top_left&#8220; custom_padding=&#8220;0px|0px|0px|0px&#8220; global_colors_info=&#8220;{}&#8220; custom_padding__hover=&#8220;|||&#8220;][et_pb_text admin_label=&#8220;Text Abstandshalter&#8220; _builder_version=&#8220;4.16&#8243; custom_margin=&#8220;0px|0px|0px|0px&#8220; custom_padding=&#8220;0px|0px|0px|0px&#8220; global_colors_info=&#8220;{}&#8220;]<span style=\"color: #ffffff;\">:<\/span><br \/>\n<span style=\"color: #ffffff;\">:<\/span><br \/>\n[\/et_pb_text][\/et_pb_column][et_pb_column type=&#8220;2_3&#8243; _builder_version=&#8220;4.16&#8243; background_position=&#8220;top_left&#8220; custom_padding=&#8220;0px|0px|0px|&#8220; global_colors_info=&#8220;{}&#8220; custom_padding__hover=&#8220;|||&#8220;][et_pb_text admin_label=&#8220;Text Abstandshalter&#8220; _builder_version=&#8220;4.16&#8243; custom_margin=&#8220;0px|0px|0px|0px&#8220; custom_padding=&#8220;0px|0px|0px|0px&#8220; global_colors_info=&#8220;{}&#8220;]<span style=\"color: #ffffff;\">:<\/span><br \/>\n<span style=\"color: #ffffff;\">:<\/span><br \/>\n[\/et_pb_text][\/et_pb_column][\/et_pb_row][et_pb_row column_structure=&#8220;2_3,1_3&#8243; _builder_version=&#8220;4.16&#8243; custom_padding=&#8220;0px|0px|0px|&#8220; global_colors_info=&#8220;{}&#8220;][et_pb_column type=&#8220;2_3&#8243; _builder_version=&#8220;4.16&#8243; background_position=&#8220;top_left&#8220; custom_padding=&#8220;0px|0px|0px|0px&#8220; global_colors_info=&#8220;{}&#8220; custom_padding__hover=&#8220;|||&#8220;][et_pb_text admin_label=&#8220;Text Inhaltsverzeichnis der 2. Auflage&#8220; _builder_version=&#8220;4.16&#8243; global_colors_info=&#8220;{}&#8220;]<strong><a href=\"http:\/\/verlag-steuerlux.de\/site\/wp-content\/uploads\/pdf_downloads\/Inhaltsverzeichnis_Steuerlux_Buch_Auflage_2018.pdf\" target=\"_blank\" rel=\"noopener\">Inhaltsverzeichnis der 2. Auflage<\/a><\/strong><br \/>\n[\/et_pb_text][\/et_pb_column][et_pb_column type=&#8220;1_3&#8243; _builder_version=&#8220;4.16&#8243; background_position=&#8220;top_left&#8220; custom_padding=&#8220;0px|0px|0px|&#8220; global_colors_info=&#8220;{}&#8220; custom_padding__hover=&#8220;|||&#8220;][\/et_pb_column][\/et_pb_row][et_pb_row column_structure=&#8220;1_3,2_3&#8243; _builder_version=&#8220;4.16&#8243; background_size=&#8220;initial&#8220; background_position=&#8220;top_left&#8220; background_repeat=&#8220;repeat&#8220; custom_padding=&#8220;0px|0px|0px|&#8220; global_colors_info=&#8220;{}&#8220;][et_pb_column type=&#8220;1_3&#8243; _builder_version=&#8220;4.16&#8243; background_position=&#8220;top_left&#8220; custom_padding=&#8220;0px|0px|0px|0px&#8220; global_colors_info=&#8220;{}&#8220; custom_padding__hover=&#8220;|||&#8220;][et_pb_text admin_label=&#8220;Text Abstandshalter&#8220; _builder_version=&#8220;4.16&#8243; custom_margin=&#8220;0px|0px|0px|0px&#8220; custom_padding=&#8220;0px|0px|0px|0px&#8220; global_colors_info=&#8220;{}&#8220;]<span style=\"color: #ffffff;\">:<\/span><br \/>\n<span style=\"color: #ffffff;\">:<\/span><br \/>\n[\/et_pb_text][\/et_pb_column][et_pb_column type=&#8220;2_3&#8243; _builder_version=&#8220;4.16&#8243; background_position=&#8220;top_left&#8220; custom_padding=&#8220;0px|0px|0px|&#8220; global_colors_info=&#8220;{}&#8220; custom_padding__hover=&#8220;|||&#8220;][et_pb_text admin_label=&#8220;Text Abstandshalter&#8220; _builder_version=&#8220;4.16&#8243; custom_margin=&#8220;0px|0px|0px|0px&#8220; custom_padding=&#8220;0px|0px|0px|0px&#8220; global_colors_info=&#8220;{}&#8220;]<span style=\"color: #ffffff;\">:<\/span><br \/>\n<span style=\"color: #ffffff;\">:<\/span><br \/>\n[\/et_pb_text][\/et_pb_column][\/et_pb_row][et_pb_row column_structure=&#8220;2_3,1_3&#8243; _builder_version=&#8220;4.16&#8243; custom_padding=&#8220;0px|0px|0px|&#8220; global_colors_info=&#8220;{}&#8220;][et_pb_column type=&#8220;2_3&#8243; _builder_version=&#8220;4.16&#8243; background_position=&#8220;top_left&#8220; custom_padding=&#8220;0px|0px|0px|0px&#8220; global_colors_info=&#8220;{}&#8220; custom_padding__hover=&#8220;|||&#8220;][et_pb_text admin_label=&#8220;Text Stichwortverzeichnis &#8211; Index &#8211; der 2. Auflage&#8220; _builder_version=&#8220;4.16&#8243; global_colors_info=&#8220;{}&#8220;]<strong><a href=\"http:\/\/www.verlag-steuerlux.de\/site\/wp-content\/uploads\/pdf_downloads\/Stichwortverzeichnis_Steuerlux_Buch_Auflage_2018.pdf\" target=\"_blank\" rel=\"noopener\">Stichwortverzeichnis &#8211; Index &#8211; der 2. Auflage<\/a><\/strong><br \/>\n[\/et_pb_text][\/et_pb_column][et_pb_column type=&#8220;1_3&#8243; _builder_version=&#8220;4.16&#8243; background_position=&#8220;top_left&#8220; custom_padding=&#8220;0px|0px|0px|&#8220; global_colors_info=&#8220;{}&#8220; custom_padding__hover=&#8220;|||&#8220;][\/et_pb_column][\/et_pb_row][\/et_pb_section][et_pb_section fb_built=&#8220;1&#8243; _builder_version=&#8220;4.16&#8243; custom_padding=&#8220;0px|0px|0px|0px&#8220; global_colors_info=&#8220;{}&#8220;][et_pb_row _builder_version=&#8220;4.16&#8243; background_size=&#8220;initial&#8220; background_position=&#8220;top_left&#8220; background_repeat=&#8220;repeat&#8220; custom_padding=&#8220;0px|0px|0px|0px&#8220; global_colors_info=&#8220;{}&#8220;][et_pb_column type=&#8220;4_4&#8243; _builder_version=&#8220;4.16&#8243; custom_padding=&#8220;|||&#8220; global_colors_info=&#8220;{}&#8220; custom_padding__hover=&#8220;|||&#8220;][et_pb_text admin_label=&#8220;Text Abstandshalter mit Leerzeilen&#8220; _builder_version=&#8220;4.16&#8243; custom_margin=&#8220;0px|0px|0px|0px&#8220; custom_padding=&#8220;0px|0px|10px|0px&#8220; border_style=&#8220;solid&#8220; global_colors_info=&#8220;{}&#8220;]<span style=\"color: #ffffff;\">:<\/span><br \/>\n<span style=\"color: #ffffff;\">:<\/span><br \/>\n[\/et_pb_text][et_pb_text admin_label=&#8220;Text + Link Impressum Verlag Steuerlux&#8220; _builder_version=&#8220;4.16&#8243; custom_padding=&#8220;||5px|&#8220; global_colors_info=&#8220;{}&#8220;]<\/p>\n<p style=\"text-align: center;\"><span class=\"st\">\u00a9Verlag Steuerlux Unternehmergesellschaft (haftungsbeschr\u00e4nkt) &#8211; <a href=\"https:\/\/www.verlag-steuerlux.de\/site\/home\/impressum\/\">Impressum<\/a><br \/>\n<\/span><\/p>\n<p>[\/et_pb_text][\/et_pb_column][\/et_pb_row][\/et_pb_section]<\/p>\n","protected":false},"excerpt":{"rendered":"<p>: : : : SteuerLUX &#8211; Ratgeber f\u00fcr Grenzg\u00e4nger Das Steuer Buch2. Auflage (2018)Seit dem Jahr 2009 ist das Buch&#8220;Die Steuererkl\u00e4rungen der Grenzg\u00e4nger Deutschland-Luxemburg&#8220;mit Ausf\u00fchrungen zu den Familienleistungen, zum Sozialversicherungsrechtsowie insbesondere zur Krankenversicherung ein informatives Nachschlagewerkf\u00fcr Luxemburg-Grenzg\u00e4nger, Personalabteilungen,Rechtsanw\u00e4lte\u00a0und\u00a0Steuerberater, aber auch f\u00fcr Beh\u00f6rden, diemit Luxemburg-Grenzg\u00e4ngern zu tun haben und sich grundliegendinformieren wollen. Aufgrund der in\u00a02017 durchgef\u00fchrten [&hellip;]<\/p>\n","protected":false},"author":1,"featured_media":0,"parent":0,"menu_order":2,"comment_status":"closed","ping_status":"closed","template":"","meta":{"_et_pb_use_builder":"on","_et_pb_old_content":"","_et_gb_content_width":"","footnotes":""},"class_list":["post-2937","page","type-page","status-publish","hentry"],"_links":{"self":[{"href":"https:\/\/www.verlag-steuerlux.de\/site\/wp-json\/wp\/v2\/pages\/2937","targetHints":{"allow":["GET"]}}],"collection":[{"href":"https:\/\/www.verlag-steuerlux.de\/site\/wp-json\/wp\/v2\/pages"}],"about":[{"href":"https:\/\/www.verlag-steuerlux.de\/site\/wp-json\/wp\/v2\/types\/page"}],"author":[{"embeddable":true,"href":"https:\/\/www.verlag-steuerlux.de\/site\/wp-json\/wp\/v2\/users\/1"}],"replies":[{"embeddable":true,"href":"https:\/\/www.verlag-steuerlux.de\/site\/wp-json\/wp\/v2\/comments?post=2937"}],"version-history":[{"count":26,"href":"https:\/\/www.verlag-steuerlux.de\/site\/wp-json\/wp\/v2\/pages\/2937\/revisions"}],"predecessor-version":[{"id":3277,"href":"https:\/\/www.verlag-steuerlux.de\/site\/wp-json\/wp\/v2\/pages\/2937\/revisions\/3277"}],"wp:attachment":[{"href":"https:\/\/www.verlag-steuerlux.de\/site\/wp-json\/wp\/v2\/media?parent=2937"}],"curies":[{"name":"wp","href":"https:\/\/api.w.org\/{rel}","templated":true}]}}